{"id":2307,"date":"2021-04-14T03:58:35","date_gmt":"2021-03-05T17:38:57","guid":{"rendered":""},"modified":"2026-04-23T01:43:06","modified_gmt":"2026-04-23T04:43:06","slug":"contato","status":"publish","type":"page","link":"https:\/\/www.arterial.com.br\/site\/contato\/","title":{"rendered":"Contato"},"content":{"rendered":"\n<p class=\"has-text-align-center has-medium-font-size\">Agende um caf\u00e9 presencial ou online!<\/p>\n\n\n\n<hr class=\"wp-block-separator has-alpha-channel-opacity\"\/>\n\n\n\n<p>Se voc\u00ea precisa de apoio tecnol\u00f3gico, suporte de uma equipe com larga experi\u00eancia em tecnologia, desenvolvimento de sistemas e opera\u00e7\u00e3o de plataformas tecnologias, agende um caf\u00e9 para conhecer como podemos auxiliar o seu neg\u00f3cio.<\/p>\n\n\n\n<p class=\"has-text-align-center has-medium-font-size\"><a href=\"mailto:your-email@your-domain.com\">contato@arterial.com.br<\/a><\/p>\n","protected":false},"excerpt":{"rendered":"<p>Agende um caf\u00e9 presencial ou online! Se voc\u00ea precisa de apoio tecnol\u00f3gico, suporte de uma equipe com larga experi\u00eancia em tecnologia, desenvolvimento de sistemas e opera\u00e7\u00e3o de plataformas\u2026<\/p>\n","protected":false},"author":1,"featured_media":0,"parent":0,"menu_order":0,"comment_status":"closed","ping_status":"closed","template":"","meta":{"footnotes":""},"class_list":["post-2307","page","type-page","status-publish","hentry"],"_links":{"self":[{"href":"https:\/\/www.arterial.com.br\/site\/wp-json\/wp\/v2\/pages\/2307","targetHints":{"allow":["GET"]}}],"collection":[{"href":"https:\/\/www.arterial.com.br\/site\/wp-json\/wp\/v2\/pages"}],"about":[{"href":"https:\/\/www.arterial.com.br\/site\/wp-json\/wp\/v2\/types\/page"}],"author":[{"embeddable":true,"href":"https:\/\/www.arterial.com.br\/site\/wp-json\/wp\/v2\/users\/1"}],"replies":[{"embeddable":true,"href":"https:\/\/www.arterial.com.br\/site\/wp-json\/wp\/v2\/comments?post=2307"}],"version-history":[{"count":4,"href":"https:\/\/www.arterial.com.br\/site\/wp-json\/wp\/v2\/pages\/2307\/revisions"}],"predecessor-version":[{"id":2595,"href":"https:\/\/www.arterial.com.br\/site\/wp-json\/wp\/v2\/pages\/2307\/revisions\/2595"}],"wp:attachment":[{"href":"https:\/\/www.arterial.com.br\/site\/wp-json\/wp\/v2\/media?parent=2307"}],"curies":[{"name":"wp","href":"https:\/\/api.w.org\/{rel}","templated":true}]}}