{"id":2574,"date":"2026-04-23T01:18:52","date_gmt":"2026-04-23T04:18:52","guid":{"rendered":"https:\/\/www.arterial.com.br\/site\/?page_id=2574"},"modified":"2026-04-23T01:18:52","modified_gmt":"2026-04-23T04:18:52","slug":"servicos-suporte-linux-com-mysql-php","status":"publish","type":"page","link":"https:\/\/www.arterial.com.br\/site\/servicos-suporte-linux-com-mysql-php\/","title":{"rendered":"Servi\u00e7os \/ Suporte Linux com MySQL &amp; PHP"},"content":{"rendered":"\n<h2 class=\"wp-block-heading\">Suporte Linux com MySQL<\/h2>\n\n\n\n<p>Infraestrutura de banco de dados est\u00e1vel, otimizada e segura em ambientes Linux.<\/p>\n\n\n\n<p>Gerenciamos ambientes MySQL em servidores Linux com a profundidade que sistemas cr\u00edticos exigem \u2014 desde a instala\u00e7\u00e3o e configura\u00e7\u00e3o at\u00e9 a resolu\u00e7\u00e3o de problemas complexos de replica\u00e7\u00e3o e migra\u00e7\u00e3o entre vers\u00f5es.<\/p>\n\n\n\n<p><strong>O que entregamos:<\/strong><\/p>\n\n\n\n<ul class=\"wp-block-list\">\n<li>Instala\u00e7\u00e3o e configura\u00e7\u00e3o otimizada do MySQL em servidores Linux<\/li>\n\n\n\n<li>Tuning de performance (configura\u00e7\u00e3o de buffers, cache, \u00edndices e queries)<\/li>\n\n\n\n<li>Configura\u00e7\u00e3o de seguran\u00e7a avan\u00e7ada para ambientes Linux e MySQL<\/li>\n\n\n\n<li>Estrat\u00e9gias de backup, recovery e testes de restaura\u00e7\u00e3o<\/li>\n\n\n\n<li>Monitoramento proativo de desempenho e alertas<\/li>\n\n\n\n<li>Resolu\u00e7\u00e3o de problemas de replica\u00e7\u00e3o master-slave e group replication<\/li>\n\n\n\n<li>Planejamento de capacidade e estrat\u00e9gias de escalabilidade<\/li>\n\n\n\n<li>Migra\u00e7\u00e3o segura entre vers\u00f5es do MySQL<\/li>\n<\/ul>\n\n\n\n<hr class=\"wp-block-separator has-alpha-channel-opacity\"\/>\n\n\n\n<h2 class=\"wp-block-heading\">Suporte Linux com PHP<\/h2>\n\n\n\n<p>Ambientes de desenvolvimento e produ\u00e7\u00e3o Linux otimizados para performance e seguran\u00e7a.<\/p>\n\n\n\n<p>Configuramos, mantemos e otimizamos infraestruturas Linux para aplica\u00e7\u00f5es PHP \u2014 do servidor web \u00e0 configura\u00e7\u00e3o de PHP-FPM, passando por todas as camadas que impactam performance e seguran\u00e7a.<\/p>\n\n\n\n<p><strong>O que entregamos:<\/strong><\/p>\n\n\n\n<ul class=\"wp-block-list\">\n<li>Instala\u00e7\u00e3o e configura\u00e7\u00e3o de servidores web (Apache e Nginx)<\/li>\n\n\n\n<li>Tuning de PHP-FPM, OPcache e extens\u00f5es cr\u00edticas<\/li>\n\n\n\n<li>Configura\u00e7\u00e3o de seguran\u00e7a avan\u00e7ada em n\u00edvel de sistema operacional e aplica\u00e7\u00e3o<\/li>\n\n\n\n<li>Gerenciamento de m\u00faltiplas vers\u00f5es do PHP no mesmo servidor<\/li>\n\n\n\n<li>Instala\u00e7\u00e3o e configura\u00e7\u00e3o de extens\u00f5es PHP espec\u00edficas por projeto<\/li>\n\n\n\n<li>Resolu\u00e7\u00e3o de problemas de compatibilidade entre vers\u00f5es e depend\u00eancias<\/li>\n\n\n\n<li>Monitoramento cont\u00ednuo de performance e gera\u00e7\u00e3o de relat\u00f3rios<\/li>\n\n\n\n<li>Aplica\u00e7\u00e3o de atualiza\u00e7\u00f5es de seguran\u00e7a e patches cr\u00edticos<\/li>\n<\/ul>\n\n\n\n<hr class=\"wp-block-separator has-alpha-channel-opacity\"\/>\n\n\n\n<h2 class=\"wp-block-heading\">Pronto para conversar?<\/h2>\n\n\n\n<p>Independente do est\u00e1gio em que seu projeto est\u00e1 \u2014 desde uma ideia inicial at\u00e9 um sistema em produ\u00e7\u00e3o com problemas cr\u00edticos \u2014 a Arterial tem a experi\u00eancia e as ferramentas para ajudar.<\/p>\n\n\n\n<p><a href=\"#contato\">Entre em contato<\/a> e vamos entender juntos qual \u00e9 o pr\u00f3ximo passo certo para o seu neg\u00f3cio.<\/p>\n","protected":false},"excerpt":{"rendered":"<p>Suporte Linux com MySQL Infraestrutura de banco de dados est\u00e1vel, otimizada e segura em ambientes Linux. Gerenciamos ambientes MySQL em servidores Linux com a profundidade que sistemas cr\u00edticos\u2026<\/p>\n","protected":false},"author":1,"featured_media":0,"parent":0,"menu_order":0,"comment_status":"closed","ping_status":"closed","template":"","meta":{"footnotes":""},"class_list":["post-2574","page","type-page","status-publish","hentry"],"_links":{"self":[{"href":"https:\/\/www.arterial.com.br\/site\/wp-json\/wp\/v2\/pages\/2574","targetHints":{"allow":["GET"]}}],"collection":[{"href":"https:\/\/www.arterial.com.br\/site\/wp-json\/wp\/v2\/pages"}],"about":[{"href":"https:\/\/www.arterial.com.br\/site\/wp-json\/wp\/v2\/types\/page"}],"author":[{"embeddable":true,"href":"https:\/\/www.arterial.com.br\/site\/wp-json\/wp\/v2\/users\/1"}],"replies":[{"embeddable":true,"href":"https:\/\/www.arterial.com.br\/site\/wp-json\/wp\/v2\/comments?post=2574"}],"version-history":[{"count":1,"href":"https:\/\/www.arterial.com.br\/site\/wp-json\/wp\/v2\/pages\/2574\/revisions"}],"predecessor-version":[{"id":2575,"href":"https:\/\/www.arterial.com.br\/site\/wp-json\/wp\/v2\/pages\/2574\/revisions\/2575"}],"wp:attachment":[{"href":"https:\/\/www.arterial.com.br\/site\/wp-json\/wp\/v2\/media?parent=2574"}],"curies":[{"name":"wp","href":"https:\/\/api.w.org\/{rel}","templated":true}]}}